{"id":11187,"date":"2022-03-10T10:21:23","date_gmt":"2022-03-10T15:21:23","guid":{"rendered":"https:\/\/smithdirectcare.com\/?page_id=11187"},"modified":"2025-04-09T03:58:04","modified_gmt":"2025-04-09T07:58:04","slug":"cumplimiento-de-la-ada","status":"publish","type":"page","link":"https:\/\/smithdirectcare.com\/es\/cumplimiento-de-la-ada\/","title":{"rendered":"Cumplimiento de ADA"},"content":{"rendered":"<div data-elementor-type=\"wp-page\" data-elementor-id=\"11187\" class=\"elementor elementor-11187\" data-elementor-post-type=\"page\">\n\t\t\t\t\t\t<section class=\"elementor-section elementor-top-section elementor-element elementor-element-27d7148 elementor-section-boxed elementor-section-height-default elementor-section-height-default\" data-id=\"27d7148\" data-element_type=\"section\" data-e-type=\"section\">\n\t\t\t\t\t\t<div class=\"elementor-container elementor-column-gap-default\">\n\t\t\t\t\t<div class=\"elementor-column elementor-col-100 elementor-top-column elementor-element elementor-element-ad045ca\" data-id=\"ad045ca\" data-element_type=\"column\" data-e-type=\"column\">\n\t\t\t<div class=\"elementor-widget-wrap elementor-element-populated\">\n\t\t\t\t\t\t<div class=\"elementor-element elementor-element-956f1d5 elementor-widget elementor-widget-text-editor\" data-id=\"956f1d5\" data-element_type=\"widget\" data-e-type=\"widget\" data-widget_type=\"text-editor.default\">\n\t\t\t\t<div class=\"elementor-widget-container\">\n\t\t\t\t\t\t\t\t\t<h1 class=\"font_0\"><strong><span class=\"color_18\">Declaraci\u00f3n de accesibilidad<\/span><\/strong><\/h1><div id=\"comp-l8ohgdfx4\" class=\"_2Hij5 _3bcaz\" data-testid=\"richTextElement\"><p class=\"font_8\">\u00a0<\/p><p>\u00daltima revisi\u00f3n: 2022.<\/p><p>\u00a0<\/p><p>Estamos comprometidos a mejorar la accesibilidad y usabilidad de nuestros sitios web para el mayor n\u00famero de personas posible. Nos esforzamos por lograr el m\u00e1s alto nivel de accesibilidad para las personas con discapacidades y hacemos todos los esfuerzos razonables para garantizar que todos nuestros sitios web sean accesibles para las personas que usan tecnolog\u00edas de asistencia, como herramientas automatizadas, navegaci\u00f3n solo con teclado y lectores de pantalla.<br \/><br \/>Actualmente, estamos en el proceso de actualizar nuestros sitios web para implementar partes relevantes de los Est\u00e1ndares de Accesibilidad Web de la Secci\u00f3n 508 desarrollados por la Junta de Acceso de los Estados Unidos, as\u00ed como las Pautas de Accesibilidad al Contenido Web 2.0 del Consorcio World Wide Web (W3C), como nuestro sitio web est\u00e1ndar de accesibilidad. La accesibilidad de nuestros sitios web se evaluar\u00e1 program\u00e1ticamente y se probar\u00e1 con tecnolog\u00eda de asistencia, incluidos, entre otros, lectores de pantalla y ampliadores de pantalla. Tambi\u00e9n probaremos nuestros sitios con usuarios con discapacidades que utilicen estas tecnolog\u00edas. Estos procesos facilitar\u00e1n la accesibilidad para todos, independientemente de la discapacidad o el dispositivo utilizado para acceder a la informaci\u00f3n en nuestros sitios web.<br \/><br \/>De forma continua y peri\u00f3dica, auditaremos nuestros sitios web para garantizar la conformidad con nuestro est\u00e1ndar de accesibilidad web y\/o para identificar d\u00f3nde se necesita apoyo y orientaci\u00f3n para facilitar los esfuerzos de accesibilidad del sitio web.<\/p><h2><b>Cont\u00e1ctenos con preguntas o comentarios<\/b>\u00a0\u00a0<\/h2><p>Tenga en cuenta que estos esfuerzos est\u00e1n activos y en curso. Si, en cualquier momento, tiene preguntas o inquietudes espec\u00edficas sobre la accesibilidad de alguna p\u00e1gina web en particular, comun\u00edquese con nosotros envi\u00e1ndonos un correo electr\u00f3nico a info@smithdsc.com<\/p><\/div>\t\t\t\t\t\t\t\t<\/div>\n\t\t\t\t<\/div>\n\t\t\t\t\t<\/div>\n\t\t<\/div>\n\t\t\t\t\t<\/div>\n\t\t<\/section>\n\t\t\t\t<\/div>","protected":false},"excerpt":{"rendered":"<p>Accessibility Statement \u00a0 Last Revised:\u00a0 2022. \u00a0 We are committed to improving the accessibility and usability of our websites for the greatest number of people [&hellip;]<\/p>\n","protected":false},"author":3,"featured_media":0,"parent":0,"menu_order":32,"comment_status":"closed","ping_status":"closed","template":"page-templates\/page-home.php","meta":{"_acf_changed":false,"inline_featured_image":false,"footnotes":""},"page_category":[12],"class_list":["post-11187","page","type-page","status-publish","hentry","page_category-uncategorized"],"acf":[],"yoast_head":"<!-- This site is optimized with the Yoast SEO Premium plugin v22.1 (Yoast SEO v27.4) - https:\/\/yoast.com\/product\/yoast-seo-premium-wordpress\/ -->\n<title>ADA Compliance | Smith Direct Care<\/title>\n<meta name=\"description\" content=\"Learn about BEST Health System&#039;s ADA Compliance policy by visiting this link.\" \/>\n<meta name=\"robots\" content=\"index, follow, max-snippet:-1, max-image-preview:large, max-video-preview:-1\" \/>\n<link rel=\"canonical\" href=\"https:\/\/smithdirectcare.com\/es\/cumplimiento-de-la-ada\/\" \/>\n<meta property=\"og:locale\" content=\"es_MX\" \/>\n<meta property=\"og:type\" content=\"article\" \/>\n<meta property=\"og:title\" content=\"ADA Compliance\" \/>\n<meta property=\"og:description\" content=\"Learn about BEST Health System&#039;s ADA Compliance policy by visiting this link.\" \/>\n<meta property=\"og:url\" content=\"https:\/\/smithdirectcare.com\/es\/cumplimiento-de-la-ada\/\" \/>\n<meta property=\"og:site_name\" content=\"Smith Direct Care\" \/>\n<meta property=\"article:modified_time\" content=\"2025-04-09T07:58:04+00:00\" \/>\n<meta property=\"og:image\" content=\"https:\/\/smithdirectcare.com\/wp-content\/uploads\/2024\/07\/smith-medical-social-logo.jpg\" \/>\n\t<meta property=\"og:image:width\" content=\"768\" \/>\n\t<meta property=\"og:image:height\" content=\"768\" \/>\n\t<meta property=\"og:image:type\" content=\"image\/jpeg\" \/>\n<meta name=\"twitter:card\" content=\"summary_large_image\" \/>\n<meta name=\"twitter:label1\" content=\"Tiempo de lectura\" \/>\n\t<meta name=\"twitter:data1\" content=\"2 minutos\" \/>\n<script type=\"application\/ld+json\" class=\"yoast-schema-graph\">{\"@context\":\"https:\\\/\\\/schema.org\",\"@graph\":[{\"@type\":\"WebPage\",\"@id\":\"https:\\\/\\\/smithdirectcare.com\\\/ada-compliance\\\/\",\"url\":\"https:\\\/\\\/smithdirectcare.com\\\/ada-compliance\\\/\",\"name\":\"ADA Compliance | Smith Direct Care\",\"isPartOf\":{\"@id\":\"https:\\\/\\\/smithdirectcare.com\\\/#website\"},\"datePublished\":\"2022-03-10T15:21:23+00:00\",\"dateModified\":\"2025-04-09T07:58:04+00:00\",\"description\":\"Learn about BEST Health System's ADA Compliance policy by visiting this link.\",\"breadcrumb\":{\"@id\":\"https:\\\/\\\/smithdirectcare.com\\\/ada-compliance\\\/#breadcrumb\"},\"inLanguage\":\"es\",\"potentialAction\":[{\"@type\":\"ReadAction\",\"target\":[\"https:\\\/\\\/smithdirectcare.com\\\/ada-compliance\\\/\"]}]},{\"@type\":\"BreadcrumbList\",\"@id\":\"https:\\\/\\\/smithdirectcare.com\\\/ada-compliance\\\/#breadcrumb\",\"itemListElement\":[{\"@type\":\"ListItem\",\"position\":1,\"name\":\"Home\",\"item\":\"https:\\\/\\\/smithdirectcare.com\\\/\"},{\"@type\":\"ListItem\",\"position\":2,\"name\":\"ADA Compliance\"}]},{\"@type\":\"WebSite\",\"@id\":\"https:\\\/\\\/smithdirectcare.com\\\/#website\",\"url\":\"https:\\\/\\\/smithdirectcare.com\\\/\",\"name\":\"Smith Direct Care\",\"description\":\"\",\"publisher\":{\"@id\":\"https:\\\/\\\/smithdirectcare.com\\\/#organization\"},\"potentialAction\":[{\"@type\":\"SearchAction\",\"target\":{\"@type\":\"EntryPoint\",\"urlTemplate\":\"https:\\\/\\\/smithdirectcare.com\\\/?s={search_term_string}\"},\"query-input\":{\"@type\":\"PropertyValueSpecification\",\"valueRequired\":true,\"valueName\":\"search_term_string\"}}],\"inLanguage\":\"es\"},{\"@type\":\"Organization\",\"@id\":\"https:\\\/\\\/smithdirectcare.com\\\/#organization\",\"name\":\"BEST HEALTH SYSTEM\",\"url\":\"https:\\\/\\\/smithdirectcare.com\\\/\",\"logo\":{\"@type\":\"ImageObject\",\"inLanguage\":\"es\",\"@id\":\"https:\\\/\\\/smithdirectcare.com\\\/#\\\/schema\\\/logo\\\/image\\\/\",\"url\":\"https:\\\/\\\/smithdirectcare.com\\\/wp-content\\\/uploads\\\/2024\\\/07\\\/smith-medical-social-logo.jpg\",\"contentUrl\":\"https:\\\/\\\/smithdirectcare.com\\\/wp-content\\\/uploads\\\/2024\\\/07\\\/smith-medical-social-logo.jpg\",\"width\":768,\"height\":768,\"caption\":\"BEST HEALTH SYSTEM\"},\"image\":{\"@id\":\"https:\\\/\\\/smithdirectcare.com\\\/#\\\/schema\\\/logo\\\/image\\\/\"}}]}<\/script>\n<!-- \/ Yoast SEO Premium plugin. -->","yoast_head_json":{"title":"Cumplimiento de la ADA | Smith Direct Care","description":"Obtenga informaci\u00f3n sobre la pol\u00edtica de cumplimiento de ADA de BEST Health System visitando este enlace.","robots":{"index":"index","follow":"follow","max-snippet":"max-snippet:-1","max-image-preview":"max-image-preview:large","max-video-preview":"max-video-preview:-1"},"canonical":"https:\/\/smithdirectcare.com\/es\/cumplimiento-de-la-ada\/","og_locale":"es_MX","og_type":"article","og_title":"ADA Compliance","og_description":"Learn about BEST Health System's ADA Compliance policy by visiting this link.","og_url":"https:\/\/smithdirectcare.com\/es\/cumplimiento-de-la-ada\/","og_site_name":"Smith Direct Care","article_modified_time":"2025-04-09T07:58:04+00:00","og_image":[{"width":768,"height":768,"url":"https:\/\/smithdirectcare.com\/wp-content\/uploads\/2024\/07\/smith-medical-social-logo.jpg","type":"image\/jpeg"}],"twitter_card":"summary_large_image","twitter_misc":{"Tiempo de lectura":"2 minutos"},"schema":{"@context":"https:\/\/schema.org","@graph":[{"@type":"WebPage","@id":"https:\/\/smithdirectcare.com\/ada-compliance\/","url":"https:\/\/smithdirectcare.com\/ada-compliance\/","name":"Cumplimiento de la ADA | Smith Direct Care","isPartOf":{"@id":"https:\/\/smithdirectcare.com\/#website"},"datePublished":"2022-03-10T15:21:23+00:00","dateModified":"2025-04-09T07:58:04+00:00","description":"Obtenga informaci\u00f3n sobre la pol\u00edtica de cumplimiento de ADA de BEST Health System visitando este enlace.","breadcrumb":{"@id":"https:\/\/smithdirectcare.com\/ada-compliance\/#breadcrumb"},"inLanguage":"es","potentialAction":[{"@type":"ReadAction","target":["https:\/\/smithdirectcare.com\/ada-compliance\/"]}]},{"@type":"BreadcrumbList","@id":"https:\/\/smithdirectcare.com\/ada-compliance\/#breadcrumb","itemListElement":[{"@type":"ListItem","position":1,"name":"Home","item":"https:\/\/smithdirectcare.com\/"},{"@type":"ListItem","position":2,"name":"ADA Compliance"}]},{"@type":"WebSite","@id":"https:\/\/smithdirectcare.com\/#website","url":"https:\/\/smithdirectcare.com\/","name":"Atenci\u00f3n directa de Smith","description":"","publisher":{"@id":"https:\/\/smithdirectcare.com\/#organization"},"potentialAction":[{"@type":"SearchAction","target":{"@type":"EntryPoint","urlTemplate":"https:\/\/smithdirectcare.com\/?s={search_term_string}"},"query-input":{"@type":"PropertyValueSpecification","valueRequired":true,"valueName":"search_term_string"}}],"inLanguage":"es"},{"@type":"Organization","@id":"https:\/\/smithdirectcare.com\/#organization","name":"MEJOR SISTEMA DE SALUD","url":"https:\/\/smithdirectcare.com\/","logo":{"@type":"ImageObject","inLanguage":"es","@id":"https:\/\/smithdirectcare.com\/#\/schema\/logo\/image\/","url":"https:\/\/smithdirectcare.com\/wp-content\/uploads\/2024\/07\/smith-medical-social-logo.jpg","contentUrl":"https:\/\/smithdirectcare.com\/wp-content\/uploads\/2024\/07\/smith-medical-social-logo.jpg","width":768,"height":768,"caption":"BEST HEALTH SYSTEM"},"image":{"@id":"https:\/\/smithdirectcare.com\/#\/schema\/logo\/image\/"}}]}},"rttpg_featured_image_url":null,"rttpg_author":{"display_name":"bcienkosz","author_link":"https:\/\/smithdirectcare.com\/es\/author\/bcienkosz\/"},"rttpg_comment":0,"rttpg_category":" <a href=\"https:\/\/smithdirectcare.com\/es\/categoria_pagina\/sin-categorizar\/\" rel=\"tag\">Uncategorized<\/a>","rttpg_excerpt":"Accessibility Statement \u00a0 Last Revised:\u00a0 2022. \u00a0 We are committed to improving the accessibility and usability of our websites for the greatest number of people [&hellip;]","_links":{"self":[{"href":"https:\/\/smithdirectcare.com\/es\/wp-json\/wp\/v2\/pages\/11187","targetHints":{"allow":["GET"]}}],"collection":[{"href":"https:\/\/smithdirectcare.com\/es\/wp-json\/wp\/v2\/pages"}],"about":[{"href":"https:\/\/smithdirectcare.com\/es\/wp-json\/wp\/v2\/types\/page"}],"author":[{"embeddable":true,"href":"https:\/\/smithdirectcare.com\/es\/wp-json\/wp\/v2\/users\/3"}],"replies":[{"embeddable":true,"href":"https:\/\/smithdirectcare.com\/es\/wp-json\/wp\/v2\/comments?post=11187"}],"version-history":[{"count":0,"href":"https:\/\/smithdirectcare.com\/es\/wp-json\/wp\/v2\/pages\/11187\/revisions"}],"wp:attachment":[{"href":"https:\/\/smithdirectcare.com\/es\/wp-json\/wp\/v2\/media?parent=11187"}],"wp:term":[{"taxonomy":"page_category","embeddable":true,"href":"https:\/\/smithdirectcare.com\/es\/wp-json\/wp\/v2\/page_category?post=11187"}],"curies":[{"name":"wp","href":"https:\/\/api.w.org\/{rel}","templated":true}]}}