{"id":22605,"date":"2024-08-02T14:10:48","date_gmt":"2024-08-02T18:10:48","guid":{"rendered":"https:\/\/smithdirectcare.com\/?page_id=22605"},"modified":"2025-12-16T06:19:10","modified_gmt":"2025-12-16T11:19:10","slug":"cadena-jeffrey-doctor-en-medicina","status":"publish","type":"page","link":"https:\/\/smithdirectcare.com\/es\/nuestros-doctores\/cadena-jeffrey-doctor-en-medicina\/","title":{"rendered":"Dr. Jeffrey Chain"},"content":{"rendered":"<div data-elementor-type=\"wp-page\" data-elementor-id=\"22605\" class=\"elementor elementor-22605\" data-elementor-post-type=\"page\">\n\t\t\t\t\t\t<section class=\"elementor-section elementor-top-section elementor-element elementor-element-516bbe31 elementor-section-boxed elementor-section-height-default elementor-section-height-default\" data-id=\"516bbe31\" data-element_type=\"section\" data-e-type=\"section\">\n\t\t\t\t\t\t<div class=\"elementor-container elementor-column-gap-default\">\n\t\t\t\t\t<div class=\"elementor-column elementor-col-100 elementor-top-column elementor-element elementor-element-36d3b71b\" data-id=\"36d3b71b\" data-element_type=\"column\" data-e-type=\"column\">\n\t\t\t<div class=\"elementor-widget-wrap elementor-element-populated\">\n\t\t\t\t\t\t<div class=\"elementor-element elementor-element-68677204 elementor-widget elementor-widget-text-editor\" data-id=\"68677204\" data-element_type=\"widget\" data-e-type=\"widget\" data-widget_type=\"text-editor.default\">\n\t\t\t\t<div class=\"elementor-widget-container\">\n\t\t\t\t\t\t\t\t\t<p>El Dr. Jeff Chain est\u00e1 certificado por la Junta Estadounidense de Otorrinolaringolog\u00eda y se desempe\u00f1a como cirujano en Smith Medical Direct Specialty Care. En 2003, se gradu\u00f3 de la Universidad de Miami en Oxford, Ohio, con una Licenciatura en Ciencias en Artes y de la Facultad de Medicina de Ohio.<\/p>\n<p>Complet\u00f3 su pasant\u00eda en cirug\u00eda y residencia en Otorrinolaringolog\u00eda\/Cirug\u00eda de Cabeza y Cuello en el Centro de Ciencias de la Salud de la Universidad de Colorado en 2003. Un modelo a seguir entre los residentes, recibi\u00f3 el Premio Arnold P. Gold al Humanismo y a la Excelencia en la Ense\u00f1anza.<\/p>\n<p>El Dr. Chain trabaja activamente en el \u00e1mbito de la salud comunitaria tanto a nivel local como internacional. Ha realizado dos viajes a Phnom Penh (Camboya) como parte de Jeremiah&#039;s Hope, una misi\u00f3n m\u00e9dica cristiana en Camboya. Tambi\u00e9n se desempe\u00f1\u00f3 como director m\u00e9dico de la Novena Feria de Salud durante varios a\u00f1os en la Iglesia Presbiteriana Montview en Park Hill.<\/p>\n<p>Su filosof\u00eda sobre la medicina comienza con saber escuchar. Disfruta de sentarse con los pacientes y conocerlos durante el tiempo que pasan juntos en una visita al consultorio. A pesar de las tensiones que la pr\u00e1ctica m\u00e9dica moderna impone a los profesionales de la salud, trabaja arduamente para establecer la esencia de lo que hace que una buena atenci\u00f3n m\u00e9dica sea excelente. Al conectarse con los pacientes a trav\u00e9s de Smith Medical, puede llegar a m\u00e1s pacientes de manera m\u00e1s efectiva.<\/p>\n<p>El Dr. Chain puede combinar esa relaci\u00f3n aut\u00e9ntica con el paciente con la prestaci\u00f3n de procedimientos tecnol\u00f3gicos especializados para mejorar el bienestar de una persona. Los o\u00eddos, la nariz y la garganta son parte integral de nuestra identidad.<\/p>\n<p>El Dr. Chain vive en Colorado desde 2003, despu\u00e9s de casarse con su esposa. Tambi\u00e9n le gusta esquiar, jugar al tenis, ahumar pechuga de res y entrenar a los equipos deportivos juveniles de sus hijos.<\/p>\t\t\t\t\t\t\t\t<\/div>\n\t\t\t\t<\/div>\n\t\t\t\t\t<\/div>\n\t\t<\/div>\n\t\t\t\t\t<\/div>\n\t\t<\/section>\n\t\t\t\t<\/div>","protected":false},"excerpt":{"rendered":"<p>Dr. Jeff Chain is board certified by the American Board of Otolaryngology who serves as a surgeon at Smith Medical Direct Specialty Care. In 2003, [&hellip;]<\/p>\n","protected":false},"author":8,"featured_media":22606,"parent":182,"menu_order":0,"comment_status":"closed","ping_status":"closed","template":"","meta":{"_acf_changed":false,"inline_featured_image":false,"footnotes":""},"page_category":[10],"class_list":["post-22605","page","type-page","status-publish","has-post-thumbnail","hentry","page_category-doctor"],"acf":[],"yoast_head":"<!-- This site is optimized with the Yoast SEO Premium plugin v22.1 (Yoast SEO v27.5) - https:\/\/yoast.com\/product\/yoast-seo-premium-wordpress\/ -->\n<title>Jeffrey Chain, MD | Smith Direct Care<\/title>\n<meta name=\"description\" content=\"Dr. Jeff Chain is board certified by the American Board of Otolaryngology who serves as a surgeon at Smith Medical Direct Specialty Care. In 2003, he\" \/>\n<meta name=\"robots\" content=\"index, follow, max-snippet:-1, max-image-preview:large, max-video-preview:-1\" \/>\n<link rel=\"canonical\" href=\"https:\/\/smithdirectcare.com\/es\/nuestros-doctores\/cadena-jeffrey-doctor-en-medicina\/\" \/>\n<meta property=\"og:locale\" content=\"es_MX\" \/>\n<meta property=\"og:type\" content=\"article\" \/>\n<meta property=\"og:title\" content=\"Jeffrey Chain, MD\" \/>\n<meta property=\"og:description\" content=\"Dr. Jeff Chain is board certified by the American Board of Otolaryngology who serves as a surgeon at Smith Medical Direct Specialty Care. In 2003, he\" \/>\n<meta property=\"og:url\" content=\"https:\/\/smithdirectcare.com\/es\/nuestros-doctores\/cadena-jeffrey-doctor-en-medicina\/\" \/>\n<meta property=\"og:site_name\" content=\"Smith Direct Care\" \/>\n<meta property=\"article:modified_time\" content=\"2025-12-16T11:19:10+00:00\" \/>\n<meta property=\"og:image\" content=\"https:\/\/smithdirectcare.com\/wp-content\/uploads\/2024\/08\/Dr_Chain.png\" \/>\n\t<meta property=\"og:image:width\" content=\"700\" \/>\n\t<meta property=\"og:image:height\" content=\"700\" \/>\n\t<meta property=\"og:image:type\" content=\"image\/png\" \/>\n<meta name=\"twitter:card\" content=\"summary_large_image\" \/>\n<meta name=\"twitter:label1\" content=\"Tiempo de lectura\" \/>\n\t<meta name=\"twitter:data1\" content=\"2 minutos\" \/>\n<script type=\"application\/ld+json\" class=\"yoast-schema-graph\">{\"@context\":\"https:\\\/\\\/schema.org\",\"@graph\":[{\"@type\":\"WebPage\",\"@id\":\"https:\\\/\\\/smithdirectcare.com\\\/our-doctors\\\/jeffrey-chain-md\\\/\",\"url\":\"https:\\\/\\\/smithdirectcare.com\\\/our-doctors\\\/jeffrey-chain-md\\\/\",\"name\":\"Jeffrey Chain, MD | Smith Direct Care\",\"isPartOf\":{\"@id\":\"https:\\\/\\\/smithdirectcare.com\\\/#website\"},\"primaryImageOfPage\":{\"@id\":\"https:\\\/\\\/smithdirectcare.com\\\/our-doctors\\\/jeffrey-chain-md\\\/#primaryimage\"},\"image\":{\"@id\":\"https:\\\/\\\/smithdirectcare.com\\\/our-doctors\\\/jeffrey-chain-md\\\/#primaryimage\"},\"thumbnailUrl\":\"https:\\\/\\\/smithdirectcare.com\\\/wp-content\\\/uploads\\\/2024\\\/08\\\/Dr_Chain.png\",\"datePublished\":\"2024-08-02T18:10:48+00:00\",\"dateModified\":\"2025-12-16T11:19:10+00:00\",\"description\":\"Dr. Jeff Chain is board certified by the American Board of Otolaryngology who serves as a surgeon at Smith Medical Direct Specialty Care. In 2003, he\",\"breadcrumb\":{\"@id\":\"https:\\\/\\\/smithdirectcare.com\\\/our-doctors\\\/jeffrey-chain-md\\\/#breadcrumb\"},\"inLanguage\":\"es\",\"potentialAction\":[{\"@type\":\"ReadAction\",\"target\":[\"https:\\\/\\\/smithdirectcare.com\\\/our-doctors\\\/jeffrey-chain-md\\\/\"]}]},{\"@type\":\"ImageObject\",\"inLanguage\":\"es\",\"@id\":\"https:\\\/\\\/smithdirectcare.com\\\/our-doctors\\\/jeffrey-chain-md\\\/#primaryimage\",\"url\":\"https:\\\/\\\/smithdirectcare.com\\\/wp-content\\\/uploads\\\/2024\\\/08\\\/Dr_Chain.png\",\"contentUrl\":\"https:\\\/\\\/smithdirectcare.com\\\/wp-content\\\/uploads\\\/2024\\\/08\\\/Dr_Chain.png\",\"width\":700,\"height\":700},{\"@type\":\"BreadcrumbList\",\"@id\":\"https:\\\/\\\/smithdirectcare.com\\\/our-doctors\\\/jeffrey-chain-md\\\/#breadcrumb\",\"itemListElement\":[{\"@type\":\"ListItem\",\"position\":1,\"name\":\"Home\",\"item\":\"https:\\\/\\\/smithdirectcare.com\\\/\"},{\"@type\":\"ListItem\",\"position\":2,\"name\":\"Our Affiliated Providers\",\"item\":\"https:\\\/\\\/smithdirectcare.com\\\/our-doctors\\\/\"},{\"@type\":\"ListItem\",\"position\":3,\"name\":\"Jeffrey Chain, MD\"}]},{\"@type\":\"WebSite\",\"@id\":\"https:\\\/\\\/smithdirectcare.com\\\/#website\",\"url\":\"https:\\\/\\\/smithdirectcare.com\\\/\",\"name\":\"Smith Direct Care\",\"description\":\"\",\"publisher\":{\"@id\":\"https:\\\/\\\/smithdirectcare.com\\\/#organization\"},\"potentialAction\":[{\"@type\":\"SearchAction\",\"target\":{\"@type\":\"EntryPoint\",\"urlTemplate\":\"https:\\\/\\\/smithdirectcare.com\\\/?s={search_term_string}\"},\"query-input\":{\"@type\":\"PropertyValueSpecification\",\"valueRequired\":true,\"valueName\":\"search_term_string\"}}],\"inLanguage\":\"es\"},{\"@type\":\"Organization\",\"@id\":\"https:\\\/\\\/smithdirectcare.com\\\/#organization\",\"name\":\"BEST HEALTH SYSTEM\",\"url\":\"https:\\\/\\\/smithdirectcare.com\\\/\",\"logo\":{\"@type\":\"ImageObject\",\"inLanguage\":\"es\",\"@id\":\"https:\\\/\\\/smithdirectcare.com\\\/#\\\/schema\\\/logo\\\/image\\\/\",\"url\":\"https:\\\/\\\/smithdirectcare.com\\\/wp-content\\\/uploads\\\/2024\\\/07\\\/smith-medical-social-logo.jpg\",\"contentUrl\":\"https:\\\/\\\/smithdirectcare.com\\\/wp-content\\\/uploads\\\/2024\\\/07\\\/smith-medical-social-logo.jpg\",\"width\":768,\"height\":768,\"caption\":\"BEST HEALTH SYSTEM\"},\"image\":{\"@id\":\"https:\\\/\\\/smithdirectcare.com\\\/#\\\/schema\\\/logo\\\/image\\\/\"}}]}<\/script>\n<!-- \/ Yoast SEO Premium plugin. -->","yoast_head_json":{"title":"Dr. Jeffrey Chain | Atenci\u00f3n directa de Smith","description":"El Dr. Jeff Chain est\u00e1 certificado por la Junta Estadounidense de Otorrinolaringolog\u00eda y se desempe\u00f1a como cirujano en Smith Medical Direct Specialty Care. En 2003,","robots":{"index":"index","follow":"follow","max-snippet":"max-snippet:-1","max-image-preview":"max-image-preview:large","max-video-preview":"max-video-preview:-1"},"canonical":"https:\/\/smithdirectcare.com\/es\/nuestros-doctores\/cadena-jeffrey-doctor-en-medicina\/","og_locale":"es_MX","og_type":"article","og_title":"Jeffrey Chain, MD","og_description":"Dr. Jeff Chain is board certified by the American Board of Otolaryngology who serves as a surgeon at Smith Medical Direct Specialty Care. In 2003, he","og_url":"https:\/\/smithdirectcare.com\/es\/nuestros-doctores\/cadena-jeffrey-doctor-en-medicina\/","og_site_name":"Smith Direct Care","article_modified_time":"2025-12-16T11:19:10+00:00","og_image":[{"width":700,"height":700,"url":"https:\/\/smithdirectcare.com\/wp-content\/uploads\/2024\/08\/Dr_Chain.png","type":"image\/png"}],"twitter_card":"summary_large_image","twitter_misc":{"Tiempo de lectura":"2 minutos"},"schema":{"@context":"https:\/\/schema.org","@graph":[{"@type":"WebPage","@id":"https:\/\/smithdirectcare.com\/our-doctors\/jeffrey-chain-md\/","url":"https:\/\/smithdirectcare.com\/our-doctors\/jeffrey-chain-md\/","name":"Dr. Jeffrey Chain | Atenci\u00f3n directa de Smith","isPartOf":{"@id":"https:\/\/smithdirectcare.com\/#website"},"primaryImageOfPage":{"@id":"https:\/\/smithdirectcare.com\/our-doctors\/jeffrey-chain-md\/#primaryimage"},"image":{"@id":"https:\/\/smithdirectcare.com\/our-doctors\/jeffrey-chain-md\/#primaryimage"},"thumbnailUrl":"https:\/\/smithdirectcare.com\/wp-content\/uploads\/2024\/08\/Dr_Chain.png","datePublished":"2024-08-02T18:10:48+00:00","dateModified":"2025-12-16T11:19:10+00:00","description":"El Dr. Jeff Chain est\u00e1 certificado por la Junta Estadounidense de Otorrinolaringolog\u00eda y se desempe\u00f1a como cirujano en Smith Medical Direct Specialty Care. En 2003,","breadcrumb":{"@id":"https:\/\/smithdirectcare.com\/our-doctors\/jeffrey-chain-md\/#breadcrumb"},"inLanguage":"es","potentialAction":[{"@type":"ReadAction","target":["https:\/\/smithdirectcare.com\/our-doctors\/jeffrey-chain-md\/"]}]},{"@type":"ImageObject","inLanguage":"es","@id":"https:\/\/smithdirectcare.com\/our-doctors\/jeffrey-chain-md\/#primaryimage","url":"https:\/\/smithdirectcare.com\/wp-content\/uploads\/2024\/08\/Dr_Chain.png","contentUrl":"https:\/\/smithdirectcare.com\/wp-content\/uploads\/2024\/08\/Dr_Chain.png","width":700,"height":700},{"@type":"BreadcrumbList","@id":"https:\/\/smithdirectcare.com\/our-doctors\/jeffrey-chain-md\/#breadcrumb","itemListElement":[{"@type":"ListItem","position":1,"name":"Home","item":"https:\/\/smithdirectcare.com\/"},{"@type":"ListItem","position":2,"name":"Our Affiliated Providers","item":"https:\/\/smithdirectcare.com\/our-doctors\/"},{"@type":"ListItem","position":3,"name":"Jeffrey Chain, MD"}]},{"@type":"WebSite","@id":"https:\/\/smithdirectcare.com\/#website","url":"https:\/\/smithdirectcare.com\/","name":"Atenci\u00f3n directa de Smith","description":"","publisher":{"@id":"https:\/\/smithdirectcare.com\/#organization"},"potentialAction":[{"@type":"SearchAction","target":{"@type":"EntryPoint","urlTemplate":"https:\/\/smithdirectcare.com\/?s={search_term_string}"},"query-input":{"@type":"PropertyValueSpecification","valueRequired":true,"valueName":"search_term_string"}}],"inLanguage":"es"},{"@type":"Organization","@id":"https:\/\/smithdirectcare.com\/#organization","name":"MEJOR SISTEMA DE SALUD","url":"https:\/\/smithdirectcare.com\/","logo":{"@type":"ImageObject","inLanguage":"es","@id":"https:\/\/smithdirectcare.com\/#\/schema\/logo\/image\/","url":"https:\/\/smithdirectcare.com\/wp-content\/uploads\/2024\/07\/smith-medical-social-logo.jpg","contentUrl":"https:\/\/smithdirectcare.com\/wp-content\/uploads\/2024\/07\/smith-medical-social-logo.jpg","width":768,"height":768,"caption":"BEST HEALTH SYSTEM"},"image":{"@id":"https:\/\/smithdirectcare.com\/#\/schema\/logo\/image\/"}}]}},"rttpg_featured_image_url":{"full":["https:\/\/smithdirectcare.com\/wp-content\/uploads\/2024\/08\/Dr_Chain.png",700,700,false],"landscape":["https:\/\/smithdirectcare.com\/wp-content\/uploads\/2024\/08\/Dr_Chain.png",700,700,false],"portraits":["https:\/\/smithdirectcare.com\/wp-content\/uploads\/2024\/08\/Dr_Chain.png",700,700,false],"thumbnail":["https:\/\/smithdirectcare.com\/wp-content\/uploads\/2024\/08\/Dr_Chain-150x150.png",150,150,true],"medium":["https:\/\/smithdirectcare.com\/wp-content\/uploads\/2024\/08\/Dr_Chain-300x300.png",300,300,true],"large":["https:\/\/smithdirectcare.com\/wp-content\/uploads\/2024\/08\/Dr_Chain.png",700,700,false],"1536x1536":["https:\/\/smithdirectcare.com\/wp-content\/uploads\/2024\/08\/Dr_Chain.png",700,700,false],"2048x2048":["https:\/\/smithdirectcare.com\/wp-content\/uploads\/2024\/08\/Dr_Chain.png",700,700,false],"trp-custom-language-flag":["https:\/\/smithdirectcare.com\/wp-content\/uploads\/2024\/08\/Dr_Chain.png",12,12,false],"gform-image-choice-sm":["https:\/\/smithdirectcare.com\/wp-content\/uploads\/2024\/08\/Dr_Chain.png",300,300,false],"gform-image-choice-md":["https:\/\/smithdirectcare.com\/wp-content\/uploads\/2024\/08\/Dr_Chain.png",400,400,false],"gform-image-choice-lg":["https:\/\/smithdirectcare.com\/wp-content\/uploads\/2024\/08\/Dr_Chain.png",600,600,false]},"rttpg_author":{"display_name":"pfoote","author_link":"https:\/\/smithdirectcare.com\/es\/author\/pfoote\/"},"rttpg_comment":0,"rttpg_category":" <a href=\"https:\/\/smithdirectcare.com\/es\/categoria_pagina\/medico\/\" rel=\"tag\">Doctor<\/a>","rttpg_excerpt":"Dr. Jeff Chain is board certified by the American Board of Otolaryngology who serves as a surgeon at Smith Medical Direct Specialty Care. In 2003, [&hellip;]","_links":{"self":[{"href":"https:\/\/smithdirectcare.com\/es\/wp-json\/wp\/v2\/pages\/22605","targetHints":{"allow":["GET"]}}],"collection":[{"href":"https:\/\/smithdirectcare.com\/es\/wp-json\/wp\/v2\/pages"}],"about":[{"href":"https:\/\/smithdirectcare.com\/es\/wp-json\/wp\/v2\/types\/page"}],"author":[{"embeddable":true,"href":"https:\/\/smithdirectcare.com\/es\/wp-json\/wp\/v2\/users\/8"}],"replies":[{"embeddable":true,"href":"https:\/\/smithdirectcare.com\/es\/wp-json\/wp\/v2\/comments?post=22605"}],"version-history":[{"count":0,"href":"https:\/\/smithdirectcare.com\/es\/wp-json\/wp\/v2\/pages\/22605\/revisions"}],"up":[{"embeddable":true,"href":"https:\/\/smithdirectcare.com\/es\/wp-json\/wp\/v2\/pages\/182"}],"wp:featuredmedia":[{"embeddable":true,"href":"https:\/\/smithdirectcare.com\/es\/wp-json\/wp\/v2\/media\/22606"}],"wp:attachment":[{"href":"https:\/\/smithdirectcare.com\/es\/wp-json\/wp\/v2\/media?parent=22605"}],"wp:term":[{"taxonomy":"page_category","embeddable":true,"href":"https:\/\/smithdirectcare.com\/es\/wp-json\/wp\/v2\/page_category?post=22605"}],"curies":[{"name":"wp","href":"https:\/\/api.w.org\/{rel}","templated":true}]}}