{"id":25998,"date":"2024-09-27T17:14:58","date_gmt":"2024-09-27T21:14:58","guid":{"rendered":"https:\/\/smithdirectcare.com\/?page_id=25998"},"modified":"2024-11-15T12:40:39","modified_gmt":"2024-11-15T17:40:39","slug":"keith-girton-12","status":"publish","type":"page","link":"https:\/\/smithdirectcare.com\/es\/nuestros-doctores\/keith-girton-12\/","title":{"rendered":"Dr. Philip Woodworth"},"content":{"rendered":"<div data-elementor-type=\"wp-page\" data-elementor-id=\"25998\" class=\"elementor elementor-25998\" data-elementor-post-type=\"page\">\n\t\t\t\t\t\t<section class=\"elementor-section elementor-top-section elementor-element elementor-element-516bbe31 elementor-section-boxed elementor-section-height-default elementor-section-height-default\" data-id=\"516bbe31\" data-element_type=\"section\" data-e-type=\"section\">\n\t\t\t\t\t\t<div class=\"elementor-container elementor-column-gap-default\">\n\t\t\t\t\t<div class=\"elementor-column elementor-col-100 elementor-top-column elementor-element elementor-element-36d3b71b\" data-id=\"36d3b71b\" data-element_type=\"column\" data-e-type=\"column\">\n\t\t\t<div class=\"elementor-widget-wrap elementor-element-populated\">\n\t\t\t\t\t\t<div class=\"elementor-element elementor-element-68677204 elementor-widget elementor-widget-text-editor\" data-id=\"68677204\" data-element_type=\"widget\" data-e-type=\"widget\" data-widget_type=\"text-editor.default\">\n\t\t\t\t<div class=\"elementor-widget-container\">\n\t\t\t\t\t\t\t\t\t<p>Philip Woodworth, MD, is a highly skilled physician serving patients at the Institute of Esophageal and Reflux Surgery in Lone Tree, Colorado, a part of SOFI Research, LLC.<br \/><br \/>Dr. Woodworth grew up in St. Louis, Missouri, graduating from Chaminade College Preparatory. He went to Vanderbilt University in Nashville, Tennessee, where he was a member of the Army Reserve Officer Training Corps (Army ROTC).<br \/><br \/>He graduated with honors from the Vanderbilt School of Arts and Sciences with a double major in chemistry and molecular biology. After graduation, Dr. Woodworth was commissioned as a second lieutenant in the United States Army Medical Service Corps. He deferred his active military service to attend the St. Louis University School of Medicine. A general surgery residency followed at the University of Kansas School of Medicine in Witchita, Kansas.<br \/><br \/>Dr. Woodworth was then transferred to the Army Medical Corps and deployed to Seoul, South Korea. He was assigned to the 127th Forward Surgical Team and worked as a surgeon at the 121st General Hospital on Yongsan Army Base in Seoul, South Korea.<br \/><br \/>After being honorably discharged with the rank of Major from the Army, Dr. Woodworth returned to the US and joined Mercy Medical Clinics, a multispecialty group in Northwest Arkansas. Dr. Woodworth served as a general surgeon in this booming town anchored by the world headquarters of Walmart Inc., Tyson Foods Inc., and J.B. Hunt Transport Services Inc.<br \/><br \/>During his career, Dr. Woodworth has partnered with the medical industry to facilitate the development, application, and advocation of medical technologies and procedures. He is comfortable being at the forefront of providing the most up-to-date medical care available.<br \/><br \/>Since the outbreak of COVID-19, Dr. Woodworth has adapted to overcome the hardships facing patients and continues to work on their behalf with new virtual technologies.<\/p>\t\t\t\t\t\t\t\t<\/div>\n\t\t\t\t<\/div>\n\t\t\t\t\t<\/div>\n\t\t<\/div>\n\t\t\t\t\t<\/div>\n\t\t<\/section>\n\t\t\t\t<\/div>","protected":false},"excerpt":{"rendered":"<p>Philip Woodworth, MD, is a highly skilled physician serving patients at the Institute of Esophageal and Reflux Surgery in Lone Tree, Colorado, a part of [&hellip;]<\/p>\n","protected":false},"author":8,"featured_media":25999,"parent":182,"menu_order":10,"comment_status":"closed","ping_status":"closed","template":"","meta":{"_acf_changed":false,"inline_featured_image":false,"footnotes":""},"page_category":[10],"class_list":["post-25998","page","type-page","status-publish","has-post-thumbnail","hentry","page_category-doctor"],"acf":[],"yoast_head":"<!-- This site is optimized with the Yoast SEO Premium plugin v22.1 (Yoast SEO v27.4) - https:\/\/yoast.com\/product\/yoast-seo-premium-wordpress\/ -->\n<title>Philip Woodworth, MD | General Surgery | Smith Direct Care<\/title>\n<meta name=\"description\" content=\"Philip Woodworth, MD, is a highly skilled physician serving patients at the Institute of Esophageal and Reflux Surgery in Lone Tree, Colorado, a part of\" \/>\n<meta name=\"robots\" content=\"index, follow, max-snippet:-1, max-image-preview:large, max-video-preview:-1\" \/>\n<link rel=\"canonical\" href=\"https:\/\/smithdirectcare.com\/es\/nuestros-doctores\/keith-girton-12\/\" \/>\n<meta property=\"og:locale\" content=\"es_MX\" \/>\n<meta property=\"og:type\" content=\"article\" \/>\n<meta property=\"og:title\" content=\"Philip Woodworth, MD\" \/>\n<meta property=\"og:description\" content=\"Philip Woodworth, MD, is a highly skilled physician serving patients at the Institute of Esophageal and Reflux Surgery in Lone Tree, Colorado, a part of\" \/>\n<meta property=\"og:url\" content=\"https:\/\/smithdirectcare.com\/es\/nuestros-doctores\/keith-girton-12\/\" \/>\n<meta property=\"og:site_name\" content=\"Smith Direct Care\" \/>\n<meta property=\"article:modified_time\" content=\"2024-11-15T17:40:39+00:00\" \/>\n<meta property=\"og:image\" content=\"https:\/\/smithdirectcare.com\/wp-content\/uploads\/2024\/09\/PhilipWoodworth.png\" \/>\n\t<meta property=\"og:image:width\" content=\"700\" \/>\n\t<meta property=\"og:image:height\" content=\"700\" \/>\n\t<meta property=\"og:image:type\" content=\"image\/png\" \/>\n<meta name=\"twitter:card\" content=\"summary_large_image\" \/>\n<meta name=\"twitter:label1\" content=\"Tiempo de lectura\" \/>\n\t<meta name=\"twitter:data1\" content=\"2 minutos\" \/>\n<script type=\"application\/ld+json\" class=\"yoast-schema-graph\">{\"@context\":\"https:\\\/\\\/schema.org\",\"@graph\":[{\"@type\":\"WebPage\",\"@id\":\"https:\\\/\\\/smithdirectcare.com\\\/our-doctors\\\/philip-woodworth-md\\\/\",\"url\":\"https:\\\/\\\/smithdirectcare.com\\\/our-doctors\\\/philip-woodworth-md\\\/\",\"name\":\"Philip Woodworth, MD | General Surgery | Smith Direct Care\",\"isPartOf\":{\"@id\":\"https:\\\/\\\/smithdirectcare.com\\\/#website\"},\"primaryImageOfPage\":{\"@id\":\"https:\\\/\\\/smithdirectcare.com\\\/our-doctors\\\/philip-woodworth-md\\\/#primaryimage\"},\"image\":{\"@id\":\"https:\\\/\\\/smithdirectcare.com\\\/our-doctors\\\/philip-woodworth-md\\\/#primaryimage\"},\"thumbnailUrl\":\"https:\\\/\\\/smithdirectcare.com\\\/wp-content\\\/uploads\\\/2024\\\/09\\\/PhilipWoodworth.png\",\"datePublished\":\"2024-09-27T21:14:58+00:00\",\"dateModified\":\"2024-11-15T17:40:39+00:00\",\"description\":\"Philip Woodworth, MD, is a highly skilled physician serving patients at the Institute of Esophageal and Reflux Surgery in Lone Tree, Colorado, a part of\",\"breadcrumb\":{\"@id\":\"https:\\\/\\\/smithdirectcare.com\\\/our-doctors\\\/philip-woodworth-md\\\/#breadcrumb\"},\"inLanguage\":\"es\",\"potentialAction\":[{\"@type\":\"ReadAction\",\"target\":[\"https:\\\/\\\/smithdirectcare.com\\\/our-doctors\\\/philip-woodworth-md\\\/\"]}]},{\"@type\":\"ImageObject\",\"inLanguage\":\"es\",\"@id\":\"https:\\\/\\\/smithdirectcare.com\\\/our-doctors\\\/philip-woodworth-md\\\/#primaryimage\",\"url\":\"https:\\\/\\\/smithdirectcare.com\\\/wp-content\\\/uploads\\\/2024\\\/09\\\/PhilipWoodworth.png\",\"contentUrl\":\"https:\\\/\\\/smithdirectcare.com\\\/wp-content\\\/uploads\\\/2024\\\/09\\\/PhilipWoodworth.png\",\"width\":700,\"height\":700},{\"@type\":\"BreadcrumbList\",\"@id\":\"https:\\\/\\\/smithdirectcare.com\\\/our-doctors\\\/philip-woodworth-md\\\/#breadcrumb\",\"itemListElement\":[{\"@type\":\"ListItem\",\"position\":1,\"name\":\"Home\",\"item\":\"https:\\\/\\\/smithdirectcare.com\\\/\"},{\"@type\":\"ListItem\",\"position\":2,\"name\":\"Our Affiliated Providers\",\"item\":\"https:\\\/\\\/smithdirectcare.com\\\/our-doctors\\\/\"},{\"@type\":\"ListItem\",\"position\":3,\"name\":\"Philip Woodworth, MD\"}]},{\"@type\":\"WebSite\",\"@id\":\"https:\\\/\\\/smithdirectcare.com\\\/#website\",\"url\":\"https:\\\/\\\/smithdirectcare.com\\\/\",\"name\":\"Smith Direct Care\",\"description\":\"\",\"publisher\":{\"@id\":\"https:\\\/\\\/smithdirectcare.com\\\/#organization\"},\"potentialAction\":[{\"@type\":\"SearchAction\",\"target\":{\"@type\":\"EntryPoint\",\"urlTemplate\":\"https:\\\/\\\/smithdirectcare.com\\\/?s={search_term_string}\"},\"query-input\":{\"@type\":\"PropertyValueSpecification\",\"valueRequired\":true,\"valueName\":\"search_term_string\"}}],\"inLanguage\":\"es\"},{\"@type\":\"Organization\",\"@id\":\"https:\\\/\\\/smithdirectcare.com\\\/#organization\",\"name\":\"BEST HEALTH SYSTEM\",\"url\":\"https:\\\/\\\/smithdirectcare.com\\\/\",\"logo\":{\"@type\":\"ImageObject\",\"inLanguage\":\"es\",\"@id\":\"https:\\\/\\\/smithdirectcare.com\\\/#\\\/schema\\\/logo\\\/image\\\/\",\"url\":\"https:\\\/\\\/smithdirectcare.com\\\/wp-content\\\/uploads\\\/2024\\\/07\\\/smith-medical-social-logo.jpg\",\"contentUrl\":\"https:\\\/\\\/smithdirectcare.com\\\/wp-content\\\/uploads\\\/2024\\\/07\\\/smith-medical-social-logo.jpg\",\"width\":768,\"height\":768,\"caption\":\"BEST HEALTH SYSTEM\"},\"image\":{\"@id\":\"https:\\\/\\\/smithdirectcare.com\\\/#\\\/schema\\\/logo\\\/image\\\/\"}}]}<\/script>\n<!-- \/ Yoast SEO Premium plugin. -->","yoast_head_json":{"title":"Philip Woodworth, MD | General Surgery | Smith Direct Care","description":"El Dr. Philip Woodworth es un m\u00e9dico altamente capacitado que atiende a pacientes en el Instituto de Cirug\u00eda de Es\u00f3fago y Reflujo en Lone Tree, Colorado, una parte de","robots":{"index":"index","follow":"follow","max-snippet":"max-snippet:-1","max-image-preview":"max-image-preview:large","max-video-preview":"max-video-preview:-1"},"canonical":"https:\/\/smithdirectcare.com\/es\/nuestros-doctores\/keith-girton-12\/","og_locale":"es_MX","og_type":"article","og_title":"Philip Woodworth, MD","og_description":"Philip Woodworth, MD, is a highly skilled physician serving patients at the Institute of Esophageal and Reflux Surgery in Lone Tree, Colorado, a part of","og_url":"https:\/\/smithdirectcare.com\/es\/nuestros-doctores\/keith-girton-12\/","og_site_name":"Smith Direct Care","article_modified_time":"2024-11-15T17:40:39+00:00","og_image":[{"width":700,"height":700,"url":"https:\/\/smithdirectcare.com\/wp-content\/uploads\/2024\/09\/PhilipWoodworth.png","type":"image\/png"}],"twitter_card":"summary_large_image","twitter_misc":{"Tiempo de lectura":"2 minutos"},"schema":{"@context":"https:\/\/schema.org","@graph":[{"@type":"WebPage","@id":"https:\/\/smithdirectcare.com\/our-doctors\/philip-woodworth-md\/","url":"https:\/\/smithdirectcare.com\/our-doctors\/philip-woodworth-md\/","name":"Philip Woodworth, MD | General Surgery | Smith Direct Care","isPartOf":{"@id":"https:\/\/smithdirectcare.com\/#website"},"primaryImageOfPage":{"@id":"https:\/\/smithdirectcare.com\/our-doctors\/philip-woodworth-md\/#primaryimage"},"image":{"@id":"https:\/\/smithdirectcare.com\/our-doctors\/philip-woodworth-md\/#primaryimage"},"thumbnailUrl":"https:\/\/smithdirectcare.com\/wp-content\/uploads\/2024\/09\/PhilipWoodworth.png","datePublished":"2024-09-27T21:14:58+00:00","dateModified":"2024-11-15T17:40:39+00:00","description":"El Dr. Philip Woodworth es un m\u00e9dico altamente capacitado que atiende a pacientes en el Instituto de Cirug\u00eda de Es\u00f3fago y Reflujo en Lone Tree, Colorado, una parte de","breadcrumb":{"@id":"https:\/\/smithdirectcare.com\/our-doctors\/philip-woodworth-md\/#breadcrumb"},"inLanguage":"es","potentialAction":[{"@type":"ReadAction","target":["https:\/\/smithdirectcare.com\/our-doctors\/philip-woodworth-md\/"]}]},{"@type":"ImageObject","inLanguage":"es","@id":"https:\/\/smithdirectcare.com\/our-doctors\/philip-woodworth-md\/#primaryimage","url":"https:\/\/smithdirectcare.com\/wp-content\/uploads\/2024\/09\/PhilipWoodworth.png","contentUrl":"https:\/\/smithdirectcare.com\/wp-content\/uploads\/2024\/09\/PhilipWoodworth.png","width":700,"height":700},{"@type":"BreadcrumbList","@id":"https:\/\/smithdirectcare.com\/our-doctors\/philip-woodworth-md\/#breadcrumb","itemListElement":[{"@type":"ListItem","position":1,"name":"Home","item":"https:\/\/smithdirectcare.com\/"},{"@type":"ListItem","position":2,"name":"Our Affiliated Providers","item":"https:\/\/smithdirectcare.com\/our-doctors\/"},{"@type":"ListItem","position":3,"name":"Philip Woodworth, MD"}]},{"@type":"WebSite","@id":"https:\/\/smithdirectcare.com\/#website","url":"https:\/\/smithdirectcare.com\/","name":"Atenci\u00f3n directa de Smith","description":"","publisher":{"@id":"https:\/\/smithdirectcare.com\/#organization"},"potentialAction":[{"@type":"SearchAction","target":{"@type":"EntryPoint","urlTemplate":"https:\/\/smithdirectcare.com\/?s={search_term_string}"},"query-input":{"@type":"PropertyValueSpecification","valueRequired":true,"valueName":"search_term_string"}}],"inLanguage":"es"},{"@type":"Organization","@id":"https:\/\/smithdirectcare.com\/#organization","name":"MEJOR SISTEMA DE SALUD","url":"https:\/\/smithdirectcare.com\/","logo":{"@type":"ImageObject","inLanguage":"es","@id":"https:\/\/smithdirectcare.com\/#\/schema\/logo\/image\/","url":"https:\/\/smithdirectcare.com\/wp-content\/uploads\/2024\/07\/smith-medical-social-logo.jpg","contentUrl":"https:\/\/smithdirectcare.com\/wp-content\/uploads\/2024\/07\/smith-medical-social-logo.jpg","width":768,"height":768,"caption":"BEST HEALTH SYSTEM"},"image":{"@id":"https:\/\/smithdirectcare.com\/#\/schema\/logo\/image\/"}}]}},"rttpg_featured_image_url":{"full":["https:\/\/smithdirectcare.com\/wp-content\/uploads\/2024\/09\/PhilipWoodworth.png",700,700,false],"landscape":["https:\/\/smithdirectcare.com\/wp-content\/uploads\/2024\/09\/PhilipWoodworth.png",700,700,false],"portraits":["https:\/\/smithdirectcare.com\/wp-content\/uploads\/2024\/09\/PhilipWoodworth.png",700,700,false],"thumbnail":["https:\/\/smithdirectcare.com\/wp-content\/uploads\/2024\/09\/PhilipWoodworth-150x150.png",150,150,true],"medium":["https:\/\/smithdirectcare.com\/wp-content\/uploads\/2024\/09\/PhilipWoodworth-300x300.png",300,300,true],"large":["https:\/\/smithdirectcare.com\/wp-content\/uploads\/2024\/09\/PhilipWoodworth.png",700,700,false],"1536x1536":["https:\/\/smithdirectcare.com\/wp-content\/uploads\/2024\/09\/PhilipWoodworth.png",700,700,false],"2048x2048":["https:\/\/smithdirectcare.com\/wp-content\/uploads\/2024\/09\/PhilipWoodworth.png",700,700,false],"trp-custom-language-flag":["https:\/\/smithdirectcare.com\/wp-content\/uploads\/2024\/09\/PhilipWoodworth.png",12,12,false],"gform-image-choice-sm":["https:\/\/smithdirectcare.com\/wp-content\/uploads\/2024\/09\/PhilipWoodworth.png",300,300,false],"gform-image-choice-md":["https:\/\/smithdirectcare.com\/wp-content\/uploads\/2024\/09\/PhilipWoodworth.png",400,400,false],"gform-image-choice-lg":["https:\/\/smithdirectcare.com\/wp-content\/uploads\/2024\/09\/PhilipWoodworth.png",600,600,false]},"rttpg_author":{"display_name":"pfoote","author_link":"https:\/\/smithdirectcare.com\/es\/author\/pfoote\/"},"rttpg_comment":0,"rttpg_category":" <a href=\"https:\/\/smithdirectcare.com\/es\/categoria_pagina\/medico\/\" rel=\"tag\">Doctor<\/a>","rttpg_excerpt":"Philip Woodworth, MD, is a highly skilled physician serving patients at the Institute of Esophageal and Reflux Surgery in Lone Tree, Colorado, a part of [&hellip;]","_links":{"self":[{"href":"https:\/\/smithdirectcare.com\/es\/wp-json\/wp\/v2\/pages\/25998","targetHints":{"allow":["GET"]}}],"collection":[{"href":"https:\/\/smithdirectcare.com\/es\/wp-json\/wp\/v2\/pages"}],"about":[{"href":"https:\/\/smithdirectcare.com\/es\/wp-json\/wp\/v2\/types\/page"}],"author":[{"embeddable":true,"href":"https:\/\/smithdirectcare.com\/es\/wp-json\/wp\/v2\/users\/8"}],"replies":[{"embeddable":true,"href":"https:\/\/smithdirectcare.com\/es\/wp-json\/wp\/v2\/comments?post=25998"}],"version-history":[{"count":0,"href":"https:\/\/smithdirectcare.com\/es\/wp-json\/wp\/v2\/pages\/25998\/revisions"}],"up":[{"embeddable":true,"href":"https:\/\/smithdirectcare.com\/es\/wp-json\/wp\/v2\/pages\/182"}],"wp:featuredmedia":[{"embeddable":true,"href":"https:\/\/smithdirectcare.com\/es\/wp-json\/wp\/v2\/media\/25999"}],"wp:attachment":[{"href":"https:\/\/smithdirectcare.com\/es\/wp-json\/wp\/v2\/media?parent=25998"}],"wp:term":[{"taxonomy":"page_category","embeddable":true,"href":"https:\/\/smithdirectcare.com\/es\/wp-json\/wp\/v2\/page_category?post=25998"}],"curies":[{"name":"wp","href":"https:\/\/api.w.org\/{rel}","templated":true}]}}