{"id":26190,"date":"2024-10-01T17:45:13","date_gmt":"2024-10-01T21:45:13","guid":{"rendered":"https:\/\/smithdirectcare.com\/?page_id=26190"},"modified":"2024-11-15T12:11:47","modified_gmt":"2024-11-15T17:11:47","slug":"en-sokyi-md","status":"publish","type":"page","link":"https:\/\/smithdirectcare.com\/es\/nuestros-doctores\/en-sokyi-md\/","title":{"rendered":"En Sok Yi, MD"},"content":{"rendered":"<div data-elementor-type=\"wp-page\" data-elementor-id=\"26190\" class=\"elementor elementor-26190\" data-elementor-post-type=\"page\">\n\t\t\t\t\t\t<section class=\"elementor-section elementor-top-section elementor-element elementor-element-516bbe31 elementor-section-boxed elementor-section-height-default elementor-section-height-default\" data-id=\"516bbe31\" data-element_type=\"section\" data-e-type=\"section\">\n\t\t\t\t\t\t<div class=\"elementor-container elementor-column-gap-default\">\n\t\t\t\t\t<div class=\"elementor-column elementor-col-100 elementor-top-column elementor-element elementor-element-36d3b71b\" data-id=\"36d3b71b\" data-element_type=\"column\" data-e-type=\"column\">\n\t\t\t<div class=\"elementor-widget-wrap elementor-element-populated\">\n\t\t\t\t\t\t<div class=\"elementor-element elementor-element-68677204 elementor-widget elementor-widget-text-editor\" data-id=\"68677204\" data-element_type=\"widget\" data-e-type=\"widget\" data-widget_type=\"text-editor.default\">\n\t\t\t\t<div class=\"elementor-widget-container\">\n\t\t\t\t\t\t\t\t\t<p><strong>En Sok Yi, MD<\/strong> Aporta una gran riqueza de conocimientos y experiencia cl\u00ednica en el campo de la cirug\u00eda de la mano y las extremidades superiores a sus pacientes.<\/p>\n<p>El Dr. Yi obtuvo su t\u00edtulo de m\u00e9dico con distinci\u00f3n en la Facultad de Medicina de la Universidad de Virginia, completando su pasant\u00eda y residencias a trav\u00e9s del mismo sistema.<\/p>\n<p>Luego pas\u00f3 a una prestigiosa beca de investigaci\u00f3n sobre mano y extremidades superiores en la Universidad de Nuevo M\u00e9xico y sus hospitales afiliados. Permaneci\u00f3 en la Universidad de Nuevo M\u00e9xico como profesor adjunto en el departamento de Cirug\u00eda Ortop\u00e9dica y la Divisi\u00f3n de Cirug\u00eda de la Mano de 1998 a 2000, y finalmente se mud\u00f3 a Denver para unirse a Hand Surgery Associates en 2000. Ha estado con Peak Orthopedics and Spine desde 2012.<\/p>\n<p>Se desempe\u00f1a como profesor asistente cl\u00ednico en el Departamento de Ortopedia del Centro de Ciencias de la Salud de la Universidad de Colorado y es preceptor de estudiantes de medicina de la Universidad de Medicina Osteop\u00e1tica de Rocky Vista. Recibi\u00f3 su certificaci\u00f3n de la Junta Estadounidense de Cirug\u00eda Ortop\u00e9dica en 2000, complet\u00f3 su Certificado de Cualificaciones Adicionales en Cirug\u00eda de la Mano (CAQSH) en 2001 y complet\u00f3 su recertificaci\u00f3n de la junta en cirug\u00eda de la mano en 2009 y 2019.<\/p>\n<p>El Dr. Yi es parte del personal de muchos hospitales e instalaciones del \u00e1rea metropolitana de Denver, entre ellos el Hospital Adventista Porter, el Centro M\u00e9dico Sky Ridge, el Hospital Adventista Littleton, el Centro M\u00e9dico Rose, el Centro M\u00e9dico de Aurora, el Centro M\u00e9dico Centennial y el Hospital Adventista Parker. Mantiene una presencia activa en la Sociedad Estadounidense de Cirug\u00eda de la Mano y la Academia Estadounidense de Cirujanos Ortop\u00e9dicos. Sus habilidades cl\u00ednicas, as\u00ed como sus contribuciones a la educaci\u00f3n m\u00e9dica continua a trav\u00e9s de conferencias y publicaciones constantes a nivel nacional, le valieron la distinci\u00f3n de ser nombrado uno de los mejores m\u00e9dicos de la revista 5280 en 2007.<\/p>\n<p>El Dr. In Sok Yi es el dise\u00f1ador principal de pr\u00f3tesis de mu\u00f1eca para Arthrosurface Corporation. Esta cirug\u00eda permite a los pacientes mantener el movimiento de la mu\u00f1eca en lugar de someterse a una fusi\u00f3n de mu\u00f1eca.<\/p>\t\t\t\t\t\t\t\t<\/div>\n\t\t\t\t<\/div>\n\t\t\t\t\t<\/div>\n\t\t<\/div>\n\t\t\t\t\t<\/div>\n\t\t<\/section>\n\t\t\t\t<\/div>","protected":false},"excerpt":{"rendered":"<p>In Sok Yi, MD brings a wealth of knowledge and clinical expertise within the field of hand and upper extremity surgery to his patients. Dr. [&hellip;]<\/p>\n","protected":false},"author":8,"featured_media":26191,"parent":182,"menu_order":17,"comment_status":"closed","ping_status":"closed","template":"","meta":{"_acf_changed":false,"inline_featured_image":false,"footnotes":""},"page_category":[10],"class_list":["post-26190","page","type-page","status-publish","has-post-thumbnail","hentry","page_category-doctor"],"acf":[],"yoast_head":"<!-- This site is optimized with the Yoast SEO Premium plugin v22.1 (Yoast SEO v27.4) - https:\/\/yoast.com\/product\/yoast-seo-premium-wordpress\/ -->\n<title>In Sok Yi, MD | Smith Direct Care<\/title>\n<meta name=\"description\" content=\"In Sok Yi, MD brings a wealth of knowledge and clinical expertise within the field of hand and upper extremity surgery to his patients. Dr. Yi earned his\" \/>\n<meta name=\"robots\" content=\"index, follow, max-snippet:-1, max-image-preview:large, max-video-preview:-1\" \/>\n<link rel=\"canonical\" href=\"https:\/\/smithdirectcare.com\/es\/nuestros-doctores\/en-sokyi-md\/\" \/>\n<meta property=\"og:locale\" content=\"es_MX\" \/>\n<meta property=\"og:type\" content=\"article\" \/>\n<meta property=\"og:title\" content=\"In Sok Yi, MD\" \/>\n<meta property=\"og:description\" content=\"In Sok Yi, MD brings a wealth of knowledge and clinical expertise within the field of hand and upper extremity surgery to his patients. Dr. Yi earned his\" \/>\n<meta property=\"og:url\" content=\"https:\/\/smithdirectcare.com\/es\/nuestros-doctores\/en-sokyi-md\/\" \/>\n<meta property=\"og:site_name\" content=\"Smith Direct Care\" \/>\n<meta property=\"article:modified_time\" content=\"2024-11-15T17:11:47+00:00\" \/>\n<meta property=\"og:image\" content=\"https:\/\/smithdirectcare.com\/wp-content\/uploads\/2024\/10\/InSokyi.png\" \/>\n\t<meta property=\"og:image:width\" content=\"510\" \/>\n\t<meta property=\"og:image:height\" content=\"510\" \/>\n\t<meta property=\"og:image:type\" content=\"image\/png\" \/>\n<meta name=\"twitter:card\" content=\"summary_large_image\" \/>\n<meta name=\"twitter:label1\" content=\"Tiempo de lectura\" \/>\n\t<meta name=\"twitter:data1\" content=\"2 minutos\" \/>\n<script type=\"application\/ld+json\" class=\"yoast-schema-graph\">{\"@context\":\"https:\\\/\\\/schema.org\",\"@graph\":[{\"@type\":\"WebPage\",\"@id\":\"https:\\\/\\\/smithdirectcare.com\\\/our-doctors\\\/in-sokyi-md\\\/\",\"url\":\"https:\\\/\\\/smithdirectcare.com\\\/our-doctors\\\/in-sokyi-md\\\/\",\"name\":\"In Sok Yi, MD | Smith Direct Care\",\"isPartOf\":{\"@id\":\"https:\\\/\\\/smithdirectcare.com\\\/#website\"},\"primaryImageOfPage\":{\"@id\":\"https:\\\/\\\/smithdirectcare.com\\\/our-doctors\\\/in-sokyi-md\\\/#primaryimage\"},\"image\":{\"@id\":\"https:\\\/\\\/smithdirectcare.com\\\/our-doctors\\\/in-sokyi-md\\\/#primaryimage\"},\"thumbnailUrl\":\"https:\\\/\\\/smithdirectcare.com\\\/wp-content\\\/uploads\\\/2024\\\/10\\\/InSokyi.png\",\"datePublished\":\"2024-10-01T21:45:13+00:00\",\"dateModified\":\"2024-11-15T17:11:47+00:00\",\"description\":\"In Sok Yi, MD brings a wealth of knowledge and clinical expertise within the field of hand and upper extremity surgery to his patients. Dr. Yi earned his\",\"breadcrumb\":{\"@id\":\"https:\\\/\\\/smithdirectcare.com\\\/our-doctors\\\/in-sokyi-md\\\/#breadcrumb\"},\"inLanguage\":\"es\",\"potentialAction\":[{\"@type\":\"ReadAction\",\"target\":[\"https:\\\/\\\/smithdirectcare.com\\\/our-doctors\\\/in-sokyi-md\\\/\"]}]},{\"@type\":\"ImageObject\",\"inLanguage\":\"es\",\"@id\":\"https:\\\/\\\/smithdirectcare.com\\\/our-doctors\\\/in-sokyi-md\\\/#primaryimage\",\"url\":\"https:\\\/\\\/smithdirectcare.com\\\/wp-content\\\/uploads\\\/2024\\\/10\\\/InSokyi.png\",\"contentUrl\":\"https:\\\/\\\/smithdirectcare.com\\\/wp-content\\\/uploads\\\/2024\\\/10\\\/InSokyi.png\",\"width\":510,\"height\":510},{\"@type\":\"BreadcrumbList\",\"@id\":\"https:\\\/\\\/smithdirectcare.com\\\/our-doctors\\\/in-sokyi-md\\\/#breadcrumb\",\"itemListElement\":[{\"@type\":\"ListItem\",\"position\":1,\"name\":\"Home\",\"item\":\"https:\\\/\\\/smithdirectcare.com\\\/\"},{\"@type\":\"ListItem\",\"position\":2,\"name\":\"Our Affiliated Providers\",\"item\":\"https:\\\/\\\/smithdirectcare.com\\\/our-doctors\\\/\"},{\"@type\":\"ListItem\",\"position\":3,\"name\":\"In Sok Yi, MD\"}]},{\"@type\":\"WebSite\",\"@id\":\"https:\\\/\\\/smithdirectcare.com\\\/#website\",\"url\":\"https:\\\/\\\/smithdirectcare.com\\\/\",\"name\":\"Smith Direct Care\",\"description\":\"\",\"publisher\":{\"@id\":\"https:\\\/\\\/smithdirectcare.com\\\/#organization\"},\"potentialAction\":[{\"@type\":\"SearchAction\",\"target\":{\"@type\":\"EntryPoint\",\"urlTemplate\":\"https:\\\/\\\/smithdirectcare.com\\\/?s={search_term_string}\"},\"query-input\":{\"@type\":\"PropertyValueSpecification\",\"valueRequired\":true,\"valueName\":\"search_term_string\"}}],\"inLanguage\":\"es\"},{\"@type\":\"Organization\",\"@id\":\"https:\\\/\\\/smithdirectcare.com\\\/#organization\",\"name\":\"BEST HEALTH SYSTEM\",\"url\":\"https:\\\/\\\/smithdirectcare.com\\\/\",\"logo\":{\"@type\":\"ImageObject\",\"inLanguage\":\"es\",\"@id\":\"https:\\\/\\\/smithdirectcare.com\\\/#\\\/schema\\\/logo\\\/image\\\/\",\"url\":\"https:\\\/\\\/smithdirectcare.com\\\/wp-content\\\/uploads\\\/2024\\\/07\\\/smith-medical-social-logo.jpg\",\"contentUrl\":\"https:\\\/\\\/smithdirectcare.com\\\/wp-content\\\/uploads\\\/2024\\\/07\\\/smith-medical-social-logo.jpg\",\"width\":768,\"height\":768,\"caption\":\"BEST HEALTH SYSTEM\"},\"image\":{\"@id\":\"https:\\\/\\\/smithdirectcare.com\\\/#\\\/schema\\\/logo\\\/image\\\/\"}}]}<\/script>\n<!-- \/ Yoast SEO Premium plugin. -->","yoast_head_json":{"title":"En Sok Yi, MD | Atenci\u00f3n directa de Smith","description":"El Dr. Yi, que posee una vasta experiencia cl\u00ednica y conocimientos en el campo de la cirug\u00eda de la mano y las extremidades superiores, aporta a sus pacientes.","robots":{"index":"index","follow":"follow","max-snippet":"max-snippet:-1","max-image-preview":"max-image-preview:large","max-video-preview":"max-video-preview:-1"},"canonical":"https:\/\/smithdirectcare.com\/es\/nuestros-doctores\/en-sokyi-md\/","og_locale":"es_MX","og_type":"article","og_title":"In Sok Yi, MD","og_description":"In Sok Yi, MD brings a wealth of knowledge and clinical expertise within the field of hand and upper extremity surgery to his patients. Dr. Yi earned his","og_url":"https:\/\/smithdirectcare.com\/es\/nuestros-doctores\/en-sokyi-md\/","og_site_name":"Smith Direct Care","article_modified_time":"2024-11-15T17:11:47+00:00","og_image":[{"width":510,"height":510,"url":"https:\/\/smithdirectcare.com\/wp-content\/uploads\/2024\/10\/InSokyi.png","type":"image\/png"}],"twitter_card":"summary_large_image","twitter_misc":{"Tiempo de lectura":"2 minutos"},"schema":{"@context":"https:\/\/schema.org","@graph":[{"@type":"WebPage","@id":"https:\/\/smithdirectcare.com\/our-doctors\/in-sokyi-md\/","url":"https:\/\/smithdirectcare.com\/our-doctors\/in-sokyi-md\/","name":"En Sok Yi, MD | Atenci\u00f3n directa de Smith","isPartOf":{"@id":"https:\/\/smithdirectcare.com\/#website"},"primaryImageOfPage":{"@id":"https:\/\/smithdirectcare.com\/our-doctors\/in-sokyi-md\/#primaryimage"},"image":{"@id":"https:\/\/smithdirectcare.com\/our-doctors\/in-sokyi-md\/#primaryimage"},"thumbnailUrl":"https:\/\/smithdirectcare.com\/wp-content\/uploads\/2024\/10\/InSokyi.png","datePublished":"2024-10-01T21:45:13+00:00","dateModified":"2024-11-15T17:11:47+00:00","description":"El Dr. Yi, que posee una vasta experiencia cl\u00ednica y conocimientos en el campo de la cirug\u00eda de la mano y las extremidades superiores, aporta a sus pacientes.","breadcrumb":{"@id":"https:\/\/smithdirectcare.com\/our-doctors\/in-sokyi-md\/#breadcrumb"},"inLanguage":"es","potentialAction":[{"@type":"ReadAction","target":["https:\/\/smithdirectcare.com\/our-doctors\/in-sokyi-md\/"]}]},{"@type":"ImageObject","inLanguage":"es","@id":"https:\/\/smithdirectcare.com\/our-doctors\/in-sokyi-md\/#primaryimage","url":"https:\/\/smithdirectcare.com\/wp-content\/uploads\/2024\/10\/InSokyi.png","contentUrl":"https:\/\/smithdirectcare.com\/wp-content\/uploads\/2024\/10\/InSokyi.png","width":510,"height":510},{"@type":"BreadcrumbList","@id":"https:\/\/smithdirectcare.com\/our-doctors\/in-sokyi-md\/#breadcrumb","itemListElement":[{"@type":"ListItem","position":1,"name":"Home","item":"https:\/\/smithdirectcare.com\/"},{"@type":"ListItem","position":2,"name":"Our Affiliated Providers","item":"https:\/\/smithdirectcare.com\/our-doctors\/"},{"@type":"ListItem","position":3,"name":"In Sok Yi, MD"}]},{"@type":"WebSite","@id":"https:\/\/smithdirectcare.com\/#website","url":"https:\/\/smithdirectcare.com\/","name":"Atenci\u00f3n directa de Smith","description":"","publisher":{"@id":"https:\/\/smithdirectcare.com\/#organization"},"potentialAction":[{"@type":"SearchAction","target":{"@type":"EntryPoint","urlTemplate":"https:\/\/smithdirectcare.com\/?s={search_term_string}"},"query-input":{"@type":"PropertyValueSpecification","valueRequired":true,"valueName":"search_term_string"}}],"inLanguage":"es"},{"@type":"Organization","@id":"https:\/\/smithdirectcare.com\/#organization","name":"MEJOR SISTEMA DE SALUD","url":"https:\/\/smithdirectcare.com\/","logo":{"@type":"ImageObject","inLanguage":"es","@id":"https:\/\/smithdirectcare.com\/#\/schema\/logo\/image\/","url":"https:\/\/smithdirectcare.com\/wp-content\/uploads\/2024\/07\/smith-medical-social-logo.jpg","contentUrl":"https:\/\/smithdirectcare.com\/wp-content\/uploads\/2024\/07\/smith-medical-social-logo.jpg","width":768,"height":768,"caption":"BEST HEALTH SYSTEM"},"image":{"@id":"https:\/\/smithdirectcare.com\/#\/schema\/logo\/image\/"}}]}},"rttpg_featured_image_url":{"full":["https:\/\/smithdirectcare.com\/wp-content\/uploads\/2024\/10\/InSokyi.png",510,510,false],"landscape":["https:\/\/smithdirectcare.com\/wp-content\/uploads\/2024\/10\/InSokyi.png",510,510,false],"portraits":["https:\/\/smithdirectcare.com\/wp-content\/uploads\/2024\/10\/InSokyi.png",510,510,false],"thumbnail":["https:\/\/smithdirectcare.com\/wp-content\/uploads\/2024\/10\/InSokyi-150x150.png",150,150,true],"medium":["https:\/\/smithdirectcare.com\/wp-content\/uploads\/2024\/10\/InSokyi-300x300.png",300,300,true],"large":["https:\/\/smithdirectcare.com\/wp-content\/uploads\/2024\/10\/InSokyi.png",510,510,false],"1536x1536":["https:\/\/smithdirectcare.com\/wp-content\/uploads\/2024\/10\/InSokyi.png",510,510,false],"2048x2048":["https:\/\/smithdirectcare.com\/wp-content\/uploads\/2024\/10\/InSokyi.png",510,510,false],"trp-custom-language-flag":["https:\/\/smithdirectcare.com\/wp-content\/uploads\/2024\/10\/InSokyi.png",12,12,false],"gform-image-choice-sm":["https:\/\/smithdirectcare.com\/wp-content\/uploads\/2024\/10\/InSokyi.png",300,300,false],"gform-image-choice-md":["https:\/\/smithdirectcare.com\/wp-content\/uploads\/2024\/10\/InSokyi.png",400,400,false],"gform-image-choice-lg":["https:\/\/smithdirectcare.com\/wp-content\/uploads\/2024\/10\/InSokyi.png",510,510,false]},"rttpg_author":{"display_name":"pfoote","author_link":"https:\/\/smithdirectcare.com\/es\/author\/pfoote\/"},"rttpg_comment":0,"rttpg_category":" <a href=\"https:\/\/smithdirectcare.com\/es\/categoria_pagina\/medico\/\" rel=\"tag\">Doctor<\/a>","rttpg_excerpt":"In Sok Yi, MD brings a wealth of knowledge and clinical expertise within the field of hand and upper extremity surgery to his patients. Dr. [&hellip;]","_links":{"self":[{"href":"https:\/\/smithdirectcare.com\/es\/wp-json\/wp\/v2\/pages\/26190","targetHints":{"allow":["GET"]}}],"collection":[{"href":"https:\/\/smithdirectcare.com\/es\/wp-json\/wp\/v2\/pages"}],"about":[{"href":"https:\/\/smithdirectcare.com\/es\/wp-json\/wp\/v2\/types\/page"}],"author":[{"embeddable":true,"href":"https:\/\/smithdirectcare.com\/es\/wp-json\/wp\/v2\/users\/8"}],"replies":[{"embeddable":true,"href":"https:\/\/smithdirectcare.com\/es\/wp-json\/wp\/v2\/comments?post=26190"}],"version-history":[{"count":0,"href":"https:\/\/smithdirectcare.com\/es\/wp-json\/wp\/v2\/pages\/26190\/revisions"}],"up":[{"embeddable":true,"href":"https:\/\/smithdirectcare.com\/es\/wp-json\/wp\/v2\/pages\/182"}],"wp:featuredmedia":[{"embeddable":true,"href":"https:\/\/smithdirectcare.com\/es\/wp-json\/wp\/v2\/media\/26191"}],"wp:attachment":[{"href":"https:\/\/smithdirectcare.com\/es\/wp-json\/wp\/v2\/media?parent=26190"}],"wp:term":[{"taxonomy":"page_category","embeddable":true,"href":"https:\/\/smithdirectcare.com\/es\/wp-json\/wp\/v2\/page_category?post=26190"}],"curies":[{"name":"wp","href":"https:\/\/api.w.org\/{rel}","templated":true}]}}